{"id":94,"date":"2018-12-22T15:47:23","date_gmt":"2018-12-22T13:47:23","guid":{"rendered":"http:\/\/clikdesign.fi\/ilasmaa_new\/?page_id=94"},"modified":"2025-03-25T14:28:34","modified_gmt":"2025-03-25T12:28:34","slug":"urpu-ilasmaa-art-1960s","status":"publish","type":"page","link":"https:\/\/clikdesign.fi\/ilasmaa\/urpu-ilasmaa-art-1960s\/","title":{"rendered":"Urpu Ilasmaan taide 1960-luvulla"},"content":{"rendered":"\n<p class=\"has-text-align-center\">Valmistuttuaan Taideakatemiasta 1960, taiteilija Urpu Ilasmaa alkoi pit\u00e4\u00e4 n\u00e4yttelyit\u00e4. Vuonna 1962 <em>Kuivuneet ruusut<\/em> oli ensimm\u00e4inen maalaus, jossa v\u00e4ri oli itsen\u00e4inen elementti, mik\u00e4 johti h\u00e4net abstraktiin ilmaisuun. Vuodesta 1966 h\u00e4n suunnitteli my\u00f6s v\u00e4rej\u00e4 teollisuudelle. <\/p>\n\n\n\n<p class=\"has-text-align-center\">H\u00e4nen taiteellisen ilmaisunsa perustan muodostaa v\u00e4ri, ja h\u00e4n on tunnettu omistautuneena koloristina. H\u00e4nen maalauksensa osoittavat syv\u00e4llist\u00e4 ymm\u00e4rryst\u00e4 v\u00e4riteoriaan.<\/p>\n\n\n<div class=\"wp-block-image\">\n<figure class=\"aligncenter\"><img fetchpriority=\"high\" decoding=\"async\" width=\"300\" height=\"221\" src=\"https:\/\/clikdesign.fi\/ilasmaa\/wp-content\/uploads\/2018\/12\/ilasmaa_asetelma_oljy_90x65_1961.jpg\" alt=\"Urpu Ilasmaa, Still Life 1961, oil 90 x 65 cm \" class=\"wp-image-95\" srcset=\"https:\/\/clikdesign.fi\/ilasmaa\/wp-content\/uploads\/2018\/12\/ilasmaa_asetelma_oljy_90x65_1961.jpg 300w, https:\/\/clikdesign.fi\/ilasmaa\/wp-content\/uploads\/2018\/12\/ilasmaa_asetelma_oljy_90x65_1961-220x162.jpg 220w\" sizes=\"(max-width: 300px) 100vw, 300px\" \/><figcaption class=\"wp-element-caption\">Still Life 1961, oil 90 x 65 cm <\/figcaption><\/figure><\/div>\n\n<div class=\"wp-block-image\">\n<figure class=\"aligncenter\"><img decoding=\"async\" width=\"203\" height=\"250\" src=\"https:\/\/clikdesign.fi\/ilasmaa\/wp-content\/uploads\/2018\/12\/ilasmaa_kuivuneet_ruusut_oljy_50x60_1962.jpg\" alt=\"Urpu Ilasmaa, Dried Roses 1962, oil 50 x 60 cm\" class=\"wp-image-96\"\/><figcaption class=\"wp-element-caption\">Dried Roses 1962, oil 50 x 60 cm<\/figcaption><\/figure><\/div>\n\n<div class=\"wp-block-image\">\n<figure class=\"aligncenter\"><img decoding=\"async\" width=\"300\" height=\"246\" src=\"https:\/\/clikdesign.fi\/ilasmaa\/wp-content\/uploads\/2018\/12\/ilasmaa_punainen_sommitelma_oljy_100x81_1964.jpg\" alt=\"Urpu Ilasmaa, Red Composition 1964, oil 100 x 81 cm\" class=\"wp-image-97\" srcset=\"https:\/\/clikdesign.fi\/ilasmaa\/wp-content\/uploads\/2018\/12\/ilasmaa_punainen_sommitelma_oljy_100x81_1964.jpg 300w, https:\/\/clikdesign.fi\/ilasmaa\/wp-content\/uploads\/2018\/12\/ilasmaa_punainen_sommitelma_oljy_100x81_1964-220x180.jpg 220w\" sizes=\"(max-width: 300px) 100vw, 300px\" \/><figcaption class=\"wp-element-caption\">Red Composition 1964, oil 100 x 81 cm<\/figcaption><\/figure><\/div>\n\n<div class=\"wp-block-image\">\n<figure class=\"aligncenter\"><img loading=\"lazy\" decoding=\"async\" width=\"300\" height=\"228\" src=\"https:\/\/clikdesign.fi\/ilasmaa\/wp-content\/uploads\/2018\/12\/ilasmaa_uni_toledosta_oljy_120x100_1967.jpg\" alt=\"Urpu Ilasmaa, Dream of Toledo 1967, oil 120 x 100 cm\" class=\"wp-image-98\" srcset=\"https:\/\/clikdesign.fi\/ilasmaa\/wp-content\/uploads\/2018\/12\/ilasmaa_uni_toledosta_oljy_120x100_1967.jpg 300w, https:\/\/clikdesign.fi\/ilasmaa\/wp-content\/uploads\/2018\/12\/ilasmaa_uni_toledosta_oljy_120x100_1967-220x167.jpg 220w\" sizes=\"(max-width: 300px) 100vw, 300px\" \/><figcaption class=\"wp-element-caption\">Dream of Toledo 1967, oil 120 x 100 cm<\/figcaption><\/figure><\/div>\n\n\n<pre class=\"wp-block-verse has-text-align-center\">Photography: Matti Ruotsalainen<\/pre>\n\n\n\n<hr class=\"wp-block-separator has-css-opacity\"\/>\n\n\n\n<p class=\"has-text-align-center\"><a href=\"https:\/\/clikdesign.fi\/ilasmaa\/1950s\/\">&lt; 1950&#8217;s<\/a> | <a href=\"https:\/\/clikdesign.fi\/ilasmaa\/1970s\/\">1970 &gt;<\/a><\/p>\n","protected":false},"excerpt":{"rendered":"<p>Valmistuttuaan Taideakatemiasta 1960, taiteilija Urpu Ilasmaa alkoi pit\u00e4\u00e4 n\u00e4yttelyit\u00e4. Vuonna 1962 Kuivuneet ruusut oli ensimm\u00e4inen maalaus, jossa v\u00e4ri oli itsen\u00e4inen elementti, mik\u00e4 johti h\u00e4net abstraktiin ilmaisuun. Vuodesta 1966 h\u00e4n suunnitteli my\u00f6s v\u00e4rej\u00e4 teollisuudelle. H\u00e4nen taiteellisen ilmaisunsa perustan muodostaa v\u00e4ri, ja h\u00e4n on tunnettu omistautuneena koloristina. H\u00e4nen maalauksensa osoittavat syv\u00e4llist\u00e4 ymm\u00e4rryst\u00e4 v\u00e4riteoriaan. Photography: Matti Ruotsalainen &lt; [&hellip;]<\/p>\n","protected":false},"author":1,"featured_media":0,"parent":0,"menu_order":0,"comment_status":"closed","ping_status":"closed","template":"","meta":{"footnotes":""},"class_list":["post-94","page","type-page","status-publish","hentry"],"_links":{"self":[{"href":"https:\/\/clikdesign.fi\/ilasmaa\/wp-json\/wp\/v2\/pages\/94","targetHints":{"allow":["GET"]}}],"collection":[{"href":"https:\/\/clikdesign.fi\/ilasmaa\/wp-json\/wp\/v2\/pages"}],"about":[{"href":"https:\/\/clikdesign.fi\/ilasmaa\/wp-json\/wp\/v2\/types\/page"}],"author":[{"embeddable":true,"href":"https:\/\/clikdesign.fi\/ilasmaa\/wp-json\/wp\/v2\/users\/1"}],"replies":[{"embeddable":true,"href":"https:\/\/clikdesign.fi\/ilasmaa\/wp-json\/wp\/v2\/comments?post=94"}],"version-history":[{"count":6,"href":"https:\/\/clikdesign.fi\/ilasmaa\/wp-json\/wp\/v2\/pages\/94\/revisions"}],"predecessor-version":[{"id":548,"href":"https:\/\/clikdesign.fi\/ilasmaa\/wp-json\/wp\/v2\/pages\/94\/revisions\/548"}],"wp:attachment":[{"href":"https:\/\/clikdesign.fi\/ilasmaa\/wp-json\/wp\/v2\/media?parent=94"}],"curies":[{"name":"wp","href":"https:\/\/api.w.org\/{rel}","templated":true}]}}