{"id":51,"date":"2018-12-22T14:49:40","date_gmt":"2018-12-22T12:49:40","guid":{"rendered":"http:\/\/clikdesign.fi\/ilasmaa_new\/?page_id=51"},"modified":"2025-03-25T14:42:57","modified_gmt":"2025-03-25T12:42:57","slug":"urpu-ilasmaa-art-2000s","status":"publish","type":"page","link":"https:\/\/clikdesign.fi\/ilasmaa\/urpu-ilasmaa-art-2000s\/","title":{"rendered":"Urpu Ilasmaan taide 2000-luvulla"},"content":{"rendered":"\n<p class=\"has-text-align-center\">Urpu Ilasmaa oli aktiivinen pit\u00e4en useita n\u00e4yttelyit\u00e4. Vuonna 2005 h\u00e4n oli ensimm\u00e4inen suomalainen taiteilija n\u00e4yttelyll\u00e4 Arabiemiraateissa. <\/p>\n\n\n\n<p class=\"has-text-align-center\">V\u00e4ri oli edelleen h\u00e4nen maalaamisensa liikkeellepaneva voima. H\u00e4nen maalauksensa osoittavat syv\u00e4llist\u00e4 ymm\u00e4rryst\u00e4 v\u00e4riteoriaan.<\/p>\n\n\n<div class=\"wp-block-image\">\n<figure class=\"aligncenter\"><img fetchpriority=\"high\" decoding=\"async\" width=\"300\" height=\"258\" src=\"https:\/\/clikdesign.fi\/ilasmaa\/wp-content\/uploads\/2018\/12\/Ilasmaa_Andalucia_140x120_oljy_2003.jpg\" alt=\"Urpu Ilasmaa, Andalucia 2006, oil 140 x 120 cm\" class=\"wp-image-55\" srcset=\"https:\/\/clikdesign.fi\/ilasmaa\/wp-content\/uploads\/2018\/12\/Ilasmaa_Andalucia_140x120_oljy_2003.jpg 300w, https:\/\/clikdesign.fi\/ilasmaa\/wp-content\/uploads\/2018\/12\/Ilasmaa_Andalucia_140x120_oljy_2003-220x189.jpg 220w\" sizes=\"(max-width: 300px) 100vw, 300px\" \/><figcaption class=\"wp-element-caption\">Andalucia 2006, oil 140 x 120 cm<\/figcaption><\/figure><\/div>\n\n<div class=\"wp-block-image\">\n<figure class=\"aligncenter\"><img decoding=\"async\" width=\"300\" height=\"251\" src=\"https:\/\/clikdesign.fi\/ilasmaa\/wp-content\/uploads\/2018\/12\/Ilasmaa_Kypsa_maa_120x100_oljy_2006.jpg\" alt=\"Urpu Ilasmaa, Kyps\u00e4 maa 2006, oil 120 x 100 cm\" class=\"wp-image-64\" srcset=\"https:\/\/clikdesign.fi\/ilasmaa\/wp-content\/uploads\/2018\/12\/Ilasmaa_Kypsa_maa_120x100_oljy_2006.jpg 300w, https:\/\/clikdesign.fi\/ilasmaa\/wp-content\/uploads\/2018\/12\/Ilasmaa_Kypsa_maa_120x100_oljy_2006-220x184.jpg 220w\" sizes=\"(max-width: 300px) 100vw, 300px\" \/><figcaption class=\"wp-element-caption\">Kyps\u00e4 maa 2006, oil 120 x 100 cm<\/figcaption><\/figure><\/div>\n\n<div class=\"wp-block-image\">\n<figure class=\"aligncenter\"><img decoding=\"async\" width=\"300\" height=\"234\" src=\"https:\/\/clikdesign.fi\/ilasmaa\/wp-content\/uploads\/2018\/12\/Ilasmaa_Tuilerien_puisto_66x51_guassi_2005.jpg\" alt=\"Urpu Ilasmaa, Tuilerien puisto 2005, gouache 66 x 51 cm\" class=\"wp-image-61\" srcset=\"https:\/\/clikdesign.fi\/ilasmaa\/wp-content\/uploads\/2018\/12\/Ilasmaa_Tuilerien_puisto_66x51_guassi_2005.jpg 300w, https:\/\/clikdesign.fi\/ilasmaa\/wp-content\/uploads\/2018\/12\/Ilasmaa_Tuilerien_puisto_66x51_guassi_2005-220x172.jpg 220w\" sizes=\"(max-width: 300px) 100vw, 300px\" \/><figcaption class=\"wp-element-caption\">Tuilerien puisto 2005, gouache 66 x 51 cm<\/figcaption><\/figure><\/div>\n\n<div class=\"wp-block-image\">\n<figure class=\"aligncenter\"><img loading=\"lazy\" decoding=\"async\" width=\"224\" height=\"300\" src=\"https:\/\/clikdesign.fi\/ilasmaa\/wp-content\/uploads\/2018\/12\/Ilasmaa_Meren_rannalla_51x61_2005.jpg\" alt=\"Urpu Ilasmaa, Meren rannalla 2005, gouache 65 x 51 cm\" class=\"wp-image-60\" srcset=\"https:\/\/clikdesign.fi\/ilasmaa\/wp-content\/uploads\/2018\/12\/Ilasmaa_Meren_rannalla_51x61_2005.jpg 224w, https:\/\/clikdesign.fi\/ilasmaa\/wp-content\/uploads\/2018\/12\/Ilasmaa_Meren_rannalla_51x61_2005-220x295.jpg 220w\" sizes=\"(max-width: 224px) 100vw, 224px\" \/><figcaption class=\"wp-element-caption\">Meren rannalla 2005, gouache 65 x 51 cm<\/figcaption><\/figure><\/div>\n\n<div class=\"wp-block-image\">\n<figure class=\"aligncenter\"><img loading=\"lazy\" decoding=\"async\" width=\"300\" height=\"248\" src=\"https:\/\/clikdesign.fi\/ilasmaa\/wp-content\/uploads\/2018\/12\/Ilasmaa_Keskipaivan_hetki_57x46_guassi_2003.jpg\" alt=\"Urpu Ilasmaa, Keskip\u00e4iv\u00e4n hetki 2003, gouache 57 x 47 cm\" class=\"wp-image-58\" srcset=\"https:\/\/clikdesign.fi\/ilasmaa\/wp-content\/uploads\/2018\/12\/Ilasmaa_Keskipaivan_hetki_57x46_guassi_2003.jpg 300w, https:\/\/clikdesign.fi\/ilasmaa\/wp-content\/uploads\/2018\/12\/Ilasmaa_Keskipaivan_hetki_57x46_guassi_2003-220x182.jpg 220w\" sizes=\"(max-width: 300px) 100vw, 300px\" \/><figcaption class=\"wp-element-caption\">Keskip\u00e4iv\u00e4n hetki 2003, gouache 57 x 47 cm<\/figcaption><\/figure><\/div>\n\n<div class=\"wp-block-image\">\n<figure class=\"aligncenter\"><img loading=\"lazy\" decoding=\"async\" width=\"300\" height=\"244\" src=\"https:\/\/clikdesign.fi\/ilasmaa\/wp-content\/uploads\/2018\/12\/Ilasmaa_Paluu_ennen_pimeaa_57x46_guassi_2003.jpg\" alt=\"Urpu Ilasmaa, Keskip\u00e4iv\u00e4n hetki 2003, gouache 57 x 47 cm\" class=\"wp-image-59\" srcset=\"https:\/\/clikdesign.fi\/ilasmaa\/wp-content\/uploads\/2018\/12\/Ilasmaa_Paluu_ennen_pimeaa_57x46_guassi_2003.jpg 300w, https:\/\/clikdesign.fi\/ilasmaa\/wp-content\/uploads\/2018\/12\/Ilasmaa_Paluu_ennen_pimeaa_57x46_guassi_2003-220x179.jpg 220w\" sizes=\"(max-width: 300px) 100vw, 300px\" \/><figcaption class=\"wp-element-caption\">Keskip\u00e4iv\u00e4n hetki 2003, gouache 57 x 47 cm<\/figcaption><\/figure><\/div>\n\n<div class=\"wp-block-image\">\n<figure class=\"aligncenter\"><img loading=\"lazy\" decoding=\"async\" width=\"300\" height=\"232\" src=\"https:\/\/clikdesign.fi\/ilasmaa\/wp-content\/uploads\/2018\/12\/Ilasmaa_Auringossa_61x46_guassi_2003.jpg\" alt=\"Urpu Ilasmaa, Auringossa 2003, gouache 61 x 46 cm\" class=\"wp-image-56\" srcset=\"https:\/\/clikdesign.fi\/ilasmaa\/wp-content\/uploads\/2018\/12\/Ilasmaa_Auringossa_61x46_guassi_2003.jpg 300w, https:\/\/clikdesign.fi\/ilasmaa\/wp-content\/uploads\/2018\/12\/Ilasmaa_Auringossa_61x46_guassi_2003-220x170.jpg 220w\" sizes=\"(max-width: 300px) 100vw, 300px\" \/><figcaption class=\"wp-element-caption\">Auringossa 2003, gouache 61 x 46 cm<\/figcaption><\/figure><\/div>\n\n<div class=\"wp-block-image\">\n<figure class=\"aligncenter\"><img loading=\"lazy\" decoding=\"async\" width=\"300\" height=\"235\" src=\"https:\/\/clikdesign.fi\/ilasmaa\/wp-content\/uploads\/2018\/12\/ilasmaa_veden_valoa_oljy_140x110_2000.jpg\" alt=\"Urpu Ilasmaa, Veden valoa 2000, oil 140 x 110 cm\" class=\"wp-image-54\" srcset=\"https:\/\/clikdesign.fi\/ilasmaa\/wp-content\/uploads\/2018\/12\/ilasmaa_veden_valoa_oljy_140x110_2000.jpg 300w, https:\/\/clikdesign.fi\/ilasmaa\/wp-content\/uploads\/2018\/12\/ilasmaa_veden_valoa_oljy_140x110_2000-220x172.jpg 220w\" sizes=\"(max-width: 300px) 100vw, 300px\" \/><figcaption class=\"wp-element-caption\">Veden valoa 2000, oil 140 x 110 cm<\/figcaption><\/figure><\/div>\n\n\n<pre class=\"wp-block-verse has-text-align-center\">Photography: Matti Ruotsalainen<\/pre>\n\n\n\n<hr class=\"wp-block-separator has-css-opacity\"\/>\n\n\n\n<p class=\"has-text-align-center\"><a href=\"https:\/\/clikdesign.fi\/ilasmaa\/1990s\/\">&lt;&lt; 1990&#8217;s<\/a> | <a href=\"https:\/\/clikdesign.fi\/ilasmaa\/2010s\/\">2010&#8217;s &gt;&gt;<\/a><\/p>\n","protected":false},"excerpt":{"rendered":"<p>Urpu Ilasmaa oli aktiivinen pit\u00e4en useita n\u00e4yttelyit\u00e4. Vuonna 2005 h\u00e4n oli ensimm\u00e4inen suomalainen taiteilija n\u00e4yttelyll\u00e4 Arabiemiraateissa. V\u00e4ri oli edelleen h\u00e4nen maalaamisensa liikkeellepaneva voima. H\u00e4nen maalauksensa osoittavat syv\u00e4llist\u00e4 ymm\u00e4rryst\u00e4 v\u00e4riteoriaan. Photography: Matti Ruotsalainen &lt;&lt; 1990&#8217;s | 2010&#8217;s &gt;&gt;<\/p>\n","protected":false},"author":1,"featured_media":0,"parent":0,"menu_order":0,"comment_status":"closed","ping_status":"closed","template":"","meta":{"footnotes":""},"class_list":["post-51","page","type-page","status-publish","hentry"],"_links":{"self":[{"href":"https:\/\/clikdesign.fi\/ilasmaa\/wp-json\/wp\/v2\/pages\/51","targetHints":{"allow":["GET"]}}],"collection":[{"href":"https:\/\/clikdesign.fi\/ilasmaa\/wp-json\/wp\/v2\/pages"}],"about":[{"href":"https:\/\/clikdesign.fi\/ilasmaa\/wp-json\/wp\/v2\/types\/page"}],"author":[{"embeddable":true,"href":"https:\/\/clikdesign.fi\/ilasmaa\/wp-json\/wp\/v2\/users\/1"}],"replies":[{"embeddable":true,"href":"https:\/\/clikdesign.fi\/ilasmaa\/wp-json\/wp\/v2\/comments?post=51"}],"version-history":[{"count":7,"href":"https:\/\/clikdesign.fi\/ilasmaa\/wp-json\/wp\/v2\/pages\/51\/revisions"}],"predecessor-version":[{"id":559,"href":"https:\/\/clikdesign.fi\/ilasmaa\/wp-json\/wp\/v2\/pages\/51\/revisions\/559"}],"wp:attachment":[{"href":"https:\/\/clikdesign.fi\/ilasmaa\/wp-json\/wp\/v2\/media?parent=51"}],"curies":[{"name":"wp","href":"https:\/\/api.w.org\/{rel}","templated":true}]}}