{"id":2,"date":"2018-12-18T19:33:08","date_gmt":"2018-12-18T17:33:08","guid":{"rendered":"http:\/\/clikdesign.fi\/ilasmaa_new\/?page_id=2"},"modified":"2025-03-25T15:30:09","modified_gmt":"2025-03-25T13:30:09","slug":"urpu-ilasmaa-artist-taidemaalari","status":"publish","type":"page","link":"https:\/\/clikdesign.fi\/ilasmaa\/","title":{"rendered":"Taiteilija Urpu Ilasmaa"},"content":{"rendered":"\n<div class=\"wp-block-columns alignwide is-layout-flex wp-container-core-columns-is-layout-1 wp-block-columns-is-layout-flex\">\n<div class=\"wp-block-column is-vertically-aligned-center is-layout-flow wp-block-column-is-layout-flow\">\n<h2 class=\"wp-block-heading\">V\u00e4ri hengitt\u00e4\u00e4, teos koskettaa<\/h2>\n\n\n\n<p class=\"has-large-font-size\">Taiteilija <bdo lang=\"fi\" dir=\"ltr\">Urpu Ilasmaa on suomalainen taidemaalari, joka tunnetaan erityisesti koloristina \u2013 v\u00e4rien taitajana. H\u00e4n valmistui Suomen Taideakatemian koulusta vuonna 1960. Ilasmaan taiteellinen ura on kest\u00e4nyt yli kuusi vuosikymment\u00e4, 1950-luvun lopulta <\/bdo>2020-luvulle.<\/p>\n<\/div>\n\n\n\n<div class=\"wp-block-column is-vertically-aligned-top is-layout-flow wp-block-column-is-layout-flow\"><div class=\"wp-block-image is-style-default\">\n<figure class=\"aligncenter size-full\"><img fetchpriority=\"high\" decoding=\"async\" width=\"300\" height=\"450\" src=\"https:\/\/clikdesign.fi\/ilasmaa\/wp-content\/uploads\/2018\/12\/Urpu_Ilasmaa_Taidemaalari.jpg\" alt=\"Urpu Ilsmaa potret image. Smiling person.\" class=\"wp-image-6\" srcset=\"https:\/\/clikdesign.fi\/ilasmaa\/wp-content\/uploads\/2018\/12\/Urpu_Ilasmaa_Taidemaalari.jpg 300w, https:\/\/clikdesign.fi\/ilasmaa\/wp-content\/uploads\/2018\/12\/Urpu_Ilasmaa_Taidemaalari-200x300.jpg 200w, https:\/\/clikdesign.fi\/ilasmaa\/wp-content\/uploads\/2018\/12\/Urpu_Ilasmaa_Taidemaalari-220x330.jpg 220w\" sizes=\"(max-width: 300px) 100vw, 300px\" \/><\/figure><\/div><\/div>\n<\/div>\n\n\n\n<div class=\"wp-block-group alignwide has-background\" style=\"background-color:#ffffff\"><div class=\"wp-block-group__inner-container is-layout-flow wp-block-group-is-layout-flow\">\n<div class=\"wp-block-group\"><div class=\"wp-block-group__inner-container is-layout-flow wp-block-group-is-layout-flow\">\n<h3 class=\"wp-block-heading has-text-align-center\">Osta uusi taidekirja<\/h3>\n\n\n\n<p class=\"has-text-align-center\">Osta taitelija Urpu Ilasmaa taidekirja seuraavista verkkokaupoista<\/p>\n\n\n\n<div class=\"wp-block-group alignwide is-horizontal is-content-justification-center is-nowrap is-layout-flex wp-container-core-group-is-layout-1 wp-block-group-is-layout-flex\">\n<div class=\"wp-block-buttons is-layout-flex wp-block-buttons-is-layout-flex\">\n<div class=\"wp-block-button is-style-outline aligncenter is-style-outline--1\"><a class=\"wp-block-button__link wp-element-button\" href=\"https:\/\/www.adlibris.com\/fi\/kirja\/urpu-ilasmaa-9789529479757\" id=\"Buy_Addlibriss\" target=\"_blank\" rel=\"noreferrer noopener\">Adlibris.fi<\/a><\/div>\n\n\n\n<div class=\"wp-block-button is-style-outline aligncenter is-style-outline--2\"><a class=\"wp-block-button__link wp-element-button\" href=\"https:\/\/www.prisma.fi\/tuotteet\/110859044\/lindqvist-urpu-ilasmaa-taidemaalari-painter-110859044\"  id=\"Buy_Prisma\" target=\"_blank\" rel=\"noreferrer noopener\">Prisma.fi<\/a><\/div>\n\n\n\n<div class=\"wp-block-button is-style-outline aligncenter is-style-outline--3\"><a class=\"wp-block-button__link wp-element-button\" href=\"https:\/\/www.suomalainen.com\/products\/urpu-ilasmaa\"  id=\"Buy_Suomalainen\" target=\"_blank\" rel=\"noreferrer noopener\">Suomalainen kirjakauppa<\/a><\/div>\n<\/div>\n<\/div>\n<\/div><\/div>\n<\/div><\/div>\n\n\n\n<div class=\"wp-block-cover alignfull is-light wp-duotone-unset-4\" style=\"margin-top:0;padding-top:6vw;padding-right:6vw;padding-bottom:6vw;padding-left:6vw\"><span aria-hidden=\"true\" class=\"wp-block-cover__background has-background-dim-100 has-background-dim\" style=\"background-color:#f8f7e6\"><\/span><div class=\"wp-block-cover__inner-container is-layout-flow wp-block-cover-is-layout-flow\">\n<div class=\"wp-block-group is-content-justification-center is-layout-flex wp-container-core-group-is-layout-6 wp-block-group-is-layout-flex\">\n<div class=\"wp-block-group alignwide wp-container-content-1 is-content-justification-left\"><div class=\"wp-block-group__inner-container is-layout-constrained wp-container-core-group-is-layout-4 wp-block-group-is-layout-constrained\">\n<h2 class=\"wp-block-heading alignwide has-text-align-left has-contrast-color has-text-color\" style=\"font-size:100px;font-style:normal;font-weight:500;line-height:0.9;text-transform:none\">The art book<\/h2>\n\n\n\n<div style=\"height:24px\" aria-hidden=\"true\" class=\"wp-block-spacer\"><\/div>\n\n\n\n<p class=\"has-text-align-left has-contrast-color has-text-color\"><strong>A vibrant and beautiful work opens up stunning vistas into the painting of Urpu Ilasmaa, one of Finland&#8217;s finest colorists.<\/strong><\/p>\n\n\n\n<p><\/p>\n\n\n\n<p class=\"has-text-align-left has-contrast-color has-text-color\">Urpu Ilasmaa is a rare phenomenon in Finnish art with her bright color palette and energetic artistic temperament. Her sensitivity as a painter of pure color is unique and significant in the context of Finnish painting as a whole. This richly illustrated book presents a wide range of oil paintings and gouaches by this interpreter of a bright and clear color scale, who has deviated from the mainstream, from the late 1950s to 2023.<\/p>\n\n\n\n<figure class=\"wp-block-image size-large\"><img decoding=\"async\" width=\"1372\" height=\"1600\" src=\"https:\/\/clikdesign.fi\/ilasmaa\/wp-content\/uploads\/2024\/05\/urpu_ilasmaa_art-book-2023_cover-1372x1600.png\" alt=\"Book cover. The picture shows Ilasmaa's artwork, which is mainly yellow\" class=\"wp-image-234\" srcset=\"https:\/\/clikdesign.fi\/ilasmaa\/wp-content\/uploads\/2024\/05\/urpu_ilasmaa_art-book-2023_cover-1372x1600.png 1372w, https:\/\/clikdesign.fi\/ilasmaa\/wp-content\/uploads\/2024\/05\/urpu_ilasmaa_art-book-2023_cover-878x1024.png 878w, https:\/\/clikdesign.fi\/ilasmaa\/wp-content\/uploads\/2024\/05\/urpu_ilasmaa_art-book-2023_cover-768x896.png 768w, https:\/\/clikdesign.fi\/ilasmaa\/wp-content\/uploads\/2024\/05\/urpu_ilasmaa_art-book-2023_cover-1317x1536.png 1317w, https:\/\/clikdesign.fi\/ilasmaa\/wp-content\/uploads\/2024\/05\/urpu_ilasmaa_art-book-2023_cover-1756x2048.png 1756w, https:\/\/clikdesign.fi\/ilasmaa\/wp-content\/uploads\/2024\/05\/urpu_ilasmaa_art-book-2023_cover-1200x1399.png 1200w, https:\/\/clikdesign.fi\/ilasmaa\/wp-content\/uploads\/2024\/05\/urpu_ilasmaa_art-book-2023_cover.png 1920w\" sizes=\"(max-width: 1372px) 100vw, 1372px\" \/><\/figure>\n\n\n\n<div style=\"height:60px\" aria-hidden=\"true\" class=\"wp-block-spacer\"><\/div>\n<\/div><\/div>\n\n\n\n<div class=\"wp-block-group is-content-justification-center is-nowrap is-layout-flex wp-container-core-group-is-layout-5 wp-block-group-is-layout-flex\"><\/div>\n<\/div>\n\n\n\n<div class=\"wp-block-columns is-layout-flex wp-container-core-columns-is-layout-2 wp-block-columns-is-layout-flex\">\n<div class=\"wp-block-column is-layout-flow wp-block-column-is-layout-flow\"><\/div>\n<\/div>\n\n\n\n<p><strong>Delving into Ilasmaa&#8217;s Artistry<\/strong><\/p>\n\n\n\n<p>The book&#8217;s text sections delve into Ilasmaa&#8217;s artistic qualities and long career in painting. Art historian and non-fiction writer Leena Lindqvist writes about Ilasmaa&#8217;s art, its background, and the development of her long career, which has lasted for over 60 years.<\/p>\n\n\n\n<p><strong>Interview with Urpu Ilasmaa<\/strong><\/p>\n\n\n\n<p>In the interview section of the book, Urpu Ilasmaa talks about her work as an artist and colorist painter in Finland in her own words. The expressive text opens up to the reader the artist&#8217;s goals, the purpose of painting, and her original color thinking.<\/p>\n\n\n\n<p><strong>A Beautiful Book with High-Quality Color Images<\/strong><\/p>\n\n\n\n<p>Printed on beautiful paper, the book has 80 high-quality color images. The graphic design of the beautiful work has been designed by <a href=\"http:\/\/www.pakaslahti.fi\" target=\"_blank\" rel=\"noreferrer noopener\">Hella Pakaslahti<\/a>.<\/p>\n\n\n\n<p>The book is bilingual (Finnish, English).<\/p>\n<\/div><\/div>\n\n\n\n<div class=\"wp-block-group alignwide has-background\" style=\"background-color:#ffffff\"><div class=\"wp-block-group__inner-container is-layout-flow wp-block-group-is-layout-flow\">\n<div class=\"wp-block-group\"><div class=\"wp-block-group__inner-container is-layout-flow wp-block-group-is-layout-flow\">\n<h3 class=\"wp-block-heading has-text-align-center\">Osta taidekirja<\/h3>\n\n\n\n<p class=\"has-text-align-center\">Taitelija Urpu Ilasmaa taidekirja seuraavista verkkokaupoista<\/p>\n\n\n\n<div class=\"wp-block-group alignwide is-horizontal is-content-justification-center is-layout-flex wp-container-core-group-is-layout-7 wp-block-group-is-layout-flex\">\n<div class=\"wp-block-buttons is-layout-flex wp-block-buttons-is-layout-flex\">\n<div class=\"wp-block-button is-style-outline aligncenter is-style-outline--5\"><a class=\"wp-block-button__link wp-element-button\" href=\"https:\/\/www.adlibris.com\/fi\/kirja\/urpu-ilasmaa-9789529479757\" target=\"_blank\" rel=\"noreferrer noopener\">Adlibris.fi<\/a><\/div>\n\n\n\n<div class=\"wp-block-button is-style-outline aligncenter is-style-outline--6\"><a class=\"wp-block-button__link wp-element-button\" href=\"https:\/\/www.prisma.fi\/tuotteet\/110859044\/lindqvist-urpu-ilasmaa-taidemaalari-painter-110859044\" target=\"_blank\" rel=\"noreferrer noopener\">Prisma.fi<\/a><\/div>\n\n\n\n<div class=\"wp-block-button is-style-outline aligncenter is-style-outline--7\"><a class=\"wp-block-button__link wp-element-button\" href=\"https:\/\/www.suomalainen.com\/products\/urpu-ilasmaa\" target=\"_blank\" rel=\"noreferrer noopener\">Suomalainen kirjakauppa<\/a><\/div>\n<\/div>\n<\/div>\n<\/div><\/div>\n<\/div><\/div>\n\n\n\n<div class=\"wp-block-columns alignwide are-vertically-aligned-top is-layout-flex wp-container-core-columns-is-layout-3 wp-block-columns-is-layout-flex\">\n<div class=\"wp-block-column is-vertically-aligned-top is-layout-flow wp-block-column-is-layout-flow\">\n<div class=\"wp-block-group wp-container-content-4 is-vertical is-content-justification-left is-nowrap is-layout-flex wp-container-core-group-is-layout-11 wp-block-group-is-layout-flex\" style=\"margin-top:0;margin-bottom:0\">\n<figure class=\"wp-block-image size-full wp-container-content-3\"><img decoding=\"async\" width=\"530\" height=\"633\" src=\"https:\/\/clikdesign.fi\/ilasmaa\/wp-content\/uploads\/ilasmaa_2013_100x120_Varjossa_rgb300.jpg\" alt=\"Urpu Ilasmaa, Varjossa\" class=\"wp-image-589\"\/><\/figure>\n\n\n\n<div class=\"wp-block-group is-vertical is-nowrap is-layout-flex wp-container-core-group-is-layout-10 wp-block-group-is-layout-flex\">\n<p class=\"has-medium-font-size\"><strong>Varjossa<\/strong><\/p>\n\n\n\n<p class=\"has-small-font-size\">100&#215;120 cm 2013 \u00f6ljy<\/p>\n<\/div>\n<\/div>\n<\/div>\n\n\n\n<div class=\"wp-block-column is-vertically-aligned-top is-layout-flow wp-block-column-is-layout-flow\">\n<div class=\"wp-block-group wp-container-content-6 is-vertical is-layout-flex wp-container-core-group-is-layout-13 wp-block-group-is-layout-flex\" style=\"margin-top:0;margin-bottom:0\">\n<div class=\"wp-block-group is-vertical is-nowrap is-layout-flex wp-container-core-group-is-layout-12 wp-block-group-is-layout-flex\">\n<div style=\"height:0px\" aria-hidden=\"true\" class=\"wp-block-spacer wp-container-content-5\"><\/div>\n\n\n\n<p class=\"has-text-align-center has-medium-font-size\"><strong>Kaikki el\u00e4m\u00e4n varit<\/strong><\/p>\n\n\n\n<p class=\"has-text-align-center has-small-font-size\">100&#215;120 cm 2013 \u00f6ljy<\/p>\n<\/div>\n\n\n\n<figure class=\"wp-block-image size-full\" style=\"font-size:14px\"><img loading=\"lazy\" decoding=\"async\" width=\"530\" height=\"439\" src=\"https:\/\/clikdesign.fi\/ilasmaa\/wp-content\/uploads\/Ilasmaa_Kaikki-elaman-varit_100x120_2013_oljy_rgb72.jpg\" alt=\"Urpu Ilasmaa, Kaikki el\u00e4m\u00e4n varit\" class=\"wp-image-588\"\/><\/figure>\n<\/div>\n<\/div>\n<\/div>\n\n\n\n<div class=\"wp-block-columns alignwide are-vertically-aligned-top is-layout-flex wp-container-core-columns-is-layout-4 wp-block-columns-is-layout-flex\">\n<div class=\"wp-block-column is-vertically-aligned-top is-layout-flow wp-block-column-is-layout-flow\">\n<div class=\"wp-block-group wp-container-content-8 is-vertical is-content-justification-left is-nowrap is-layout-flex wp-container-core-group-is-layout-15 wp-block-group-is-layout-flex\" style=\"margin-top:0;margin-bottom:0\">\n<figure class=\"wp-block-image size-full wp-container-content-7\"><img loading=\"lazy\" decoding=\"async\" width=\"530\" height=\"441\" src=\"https:\/\/clikdesign.fi\/ilasmaa\/wp-content\/uploads\/ilasmaa_2013_120x100_Sininen_rgb300.jpg\" alt=\"Urpu Ilasmaa, Sininen\" class=\"wp-image-587\"\/><\/figure>\n\n\n\n<div class=\"wp-block-group is-vertical is-nowrap is-layout-flex wp-container-core-group-is-layout-14 wp-block-group-is-layout-flex\">\n<p class=\"has-medium-font-size\"><strong>Sininen<\/strong><\/p>\n\n\n\n<p class=\"has-small-font-size\">120&#215;100 2013 \u00f6ljy<\/p>\n<\/div>\n<\/div>\n<\/div>\n\n\n\n<div class=\"wp-block-column is-vertically-aligned-top is-layout-flow wp-block-column-is-layout-flow\">\n<div class=\"wp-block-group wp-container-content-10 is-vertical is-layout-flex wp-container-core-group-is-layout-17 wp-block-group-is-layout-flex\" style=\"margin-top:0;margin-bottom:0\">\n<div class=\"wp-block-group is-vertical is-nowrap is-layout-flex wp-container-core-group-is-layout-16 wp-block-group-is-layout-flex\">\n<div style=\"height:0px\" aria-hidden=\"true\" class=\"wp-block-spacer wp-container-content-9\"><\/div>\n\n\n\n<p class=\"has-medium-font-size\"><strong>Ovi<\/strong><\/p>\n\n\n\n<p class=\"has-small-font-size\">120&#215;140 cm 2014 \u00f6ljy<\/p>\n<\/div>\n\n\n\n<figure class=\"wp-block-image size-full\" style=\"font-size:14px\"><img loading=\"lazy\" decoding=\"async\" width=\"530\" height=\"630\" src=\"https:\/\/clikdesign.fi\/ilasmaa\/wp-content\/uploads\/Ilasmaa_Ovi_120x100_2014_oljy_rgb72.jpg\" alt=\"Urpu Ilasmaa, Ovi\" class=\"wp-image-585\"\/><\/figure>\n<\/div>\n<\/div>\n<\/div>\n\n\n\n<div style=\"height:100px\" aria-hidden=\"true\" class=\"wp-block-spacer\"><\/div>\n\n\n\n<hr class=\"wp-block-separator aligncenter has-alpha-channel-opacity\"\/>\n\n\n\n<h2 class=\"wp-block-heading\">Menneet n\u00e4yttelyt<\/h2>\n\n\n\n<p><strong>90-vuotis juhlan\u00e4yttely<\/strong><br><a data-type=\"URL\" data-id=\"https:\/\/www.gallerianuovo.fi\/\" href=\"https:\/\/www.gallerianuovo.fi\/\" target=\"_blank\" rel=\"noreferrer noopener\">Galleria Nuovo<\/a> 14.10. &#8211; 12.11.2023 <strong> <\/strong><br>Lahti, Finland<\/p>\n\n\n\n<blockquote class=\"wp-block-quote is-layout-flow wp-block-quote-is-layout-flow\">\n<p>V\u00e4reihin erikoistunut Urpu Ilasmaa saattaa ty\u00f6st\u00e4\u00e4 teoksiaan jopa vuoden. Puolison on parempi olla sotkeutumatta tekemiseen.<\/p>\n<cite>ESS<\/cite><\/blockquote>\n\n\n\n<p><\/p>\n\n\n\n<p class=\"has-text-align-left\"><strong>Urpu Ilasmaa \u2013 V\u00e4rin voimalla 1-3\/2015<\/strong><br>Keski-Suomen museo, Jyv\u00e4skyl\u00e4, Finland<\/p>\n\n\n\n<blockquote class=\"wp-block-quote is-layout-flow wp-block-quote-is-layout-flow\">\n<p>Ilasmaalle v\u00e4ri ovat itseilmaisun v\u00e4line, hiukan kuin kieli, jota h\u00e4n puhuu. Ilasmaa k\u00e4ytt\u00e4\u00e4 v\u00e4rej\u00e4 ilmaistakseen asioita siin\u00e4 miss\u00e4 toiset sanoja. Taiteen saralla sellaista ihmist\u00e4 kutsutaan koloristiksi.<\/p>\n<cite>ESS<\/cite><\/blockquote>\n\n\n\n<p><strong>Galleria Nuovo 12\/2013-1\/2014<\/strong><br>Lahti, Finland      <strong>     <\/strong><\/p>\n\n\n\n<hr class=\"wp-block-separator aligncenter has-alpha-channel-opacity\"\/>\n\n\n\n<h2 class=\"wp-block-heading\">Artikkelit lehdiss\u00e4<\/h2>\n\n\n\n<div class=\"wp-block-file\"><a id=\"wp-block-file--media-f8ee3e24-4ddc-4f76-ab46-fb07abf2b2f0\" href=\"https:\/\/www.ess.fi\/paikalliset\/6281360\" target=\"_blank\" rel=\"noreferrer noopener\">&#8221;Siin\u00e4 on se tekij\u00e4 X&#8221; \u2013\u2009taiteen tekeminen pit\u00e4\u00e4 lahtelaisgallerian t\u00e4ytt\u00e4neen 90-vuotiaan virke\u00e4n\u00e4<br>Etel\u00e4-Suomen Sanomat 14.10.2023<\/a><\/div>\n\n\n\n<div class=\"wp-block-file\"><a id=\"wp-block-file--media-f8ee3e24-4ddc-4f76-ab46-fb07abf2b2f0\" href=\"https:\/\/www.ksml.fi\/paikalliset\/2606588\" target=\"_blank\" rel=\"noreferrer noopener\">Urpu Ilasmaa: V\u00e4rin voimalla. Maalauksia Keski-Suomen museossa. Keskisuomalainen 28.1.2015 <\/a><\/div>\n\n\n\n<div class=\"wp-block-file\"><a id=\"wp-block-file--media-f8ee3e24-4ddc-4f76-ab46-fb07abf2b2f0\" href=\"https:\/\/clikdesign.fi\/ilasmaa\/wp-content\/uploads\/2018\/12\/ess_ilasmaa13.pdf\" target=\"_blank\" rel=\"noreferrer noopener\">Urpu Ilasmaa ilmaisee itse\u00e4\u00e4n v\u00e4rin avulla (PDF) <br>Etel\u00e4-Suomen Sanomat 16.11.2013 <\/a><\/div>\n\n\n\n<div class=\"wp-block-file\"><a id=\"wp-block-file--media-d03dbdc7-7e0e-4917-b43d-227678b94311\" href=\"https:\/\/clikdesign.fi\/ilasmaa\/wp-content\/uploads\/2018\/12\/ess_ilasmaa08.pdf\" target=\"_blank\" rel=\"noreferrer noopener\">Urpu Ilasmaan n\u00e4yttely p\u00e4\u00e4tt\u00e4\u00e4 Nuovon kev\u00e4\u00e4n (PDF) <br>Etel\u00e4-Suomen Sanomat 29.4.2008 <\/a><\/div>\n\n\n\n<div class=\"wp-block-file\"><a id=\"wp-block-file--media-4dc0cb39-0538-4ddc-9b3b-9faae425e1a1\" href=\"https:\/\/clikdesign.fi\/ilasmaa\/wp-content\/uploads\/2018\/12\/ilasmaa-nuovo08.pdf\" target=\"_blank\" rel=\"noreferrer noopener\">Tyyni v\u00e4rimyrsky kylpee valossa (PDF) <br>Etel\u00e4-Suomen Sanomat 24.4.2008 <\/a><\/div>\n\n\n\n<div class=\"wp-block-file\"><a id=\"wp-block-file--media-97a30269-62a9-4e00-b4bc-e9c65289ee82\" href=\"https:\/\/clikdesign.fi\/ilasmaa\/wp-content\/uploads\/2018\/12\/ess_ilasmaa2.pdf\" target=\"_blank\" rel=\"noreferrer noopener\">Meditatiivisia v\u00e4ripintoja (PDF)<br>Etel\u00e4-Suomen Sanomat 19.2.2006 <\/a><\/div>\n\n\n\n<div class=\"wp-block-file\"><a id=\"wp-block-file--media-cd196593-1720-433a-b2db-33064795043d\" href=\"https:\/\/clikdesign.fi\/ilasmaa\/wp-content\/uploads\/2018\/12\/ess_ilasmaa.pdf\" target=\"_blank\" rel=\"noreferrer noopener\">V\u00e4ri tulee selk\u00e4ytimest\u00e4 (PDF)<br>Etel\u00e4-Suomen Sanomat 5.2.2006 <\/a><\/div>\n","protected":false},"excerpt":{"rendered":"<p>V\u00e4ri hengitt\u00e4\u00e4, teos koskettaa Taiteilija Urpu Ilasmaa on suomalainen taidemaalari, joka tunnetaan erityisesti koloristina \u2013 v\u00e4rien taitajana. H\u00e4n valmistui Suomen Taideakatemian koulusta vuonna 1960. Ilasmaan taiteellinen ura on kest\u00e4nyt yli kuusi vuosikymment\u00e4, 1950-luvun lopulta 2020-luvulle. Osta uusi taidekirja Osta taitelija Urpu Ilasmaa taidekirja seuraavista verkkokaupoista Osta taidekirja Taitelija Urpu Ilasmaa taidekirja seuraavista verkkokaupoista Varjossa 100&#215;120 [&hellip;]<\/p>\n","protected":false},"author":1,"featured_media":0,"parent":0,"menu_order":0,"comment_status":"closed","ping_status":"open","template":"","meta":{"footnotes":""},"class_list":["post-2","page","type-page","status-publish","hentry"],"_links":{"self":[{"href":"https:\/\/clikdesign.fi\/ilasmaa\/wp-json\/wp\/v2\/pages\/2","targetHints":{"allow":["GET"]}}],"collection":[{"href":"https:\/\/clikdesign.fi\/ilasmaa\/wp-json\/wp\/v2\/pages"}],"about":[{"href":"https:\/\/clikdesign.fi\/ilasmaa\/wp-json\/wp\/v2\/types\/page"}],"author":[{"embeddable":true,"href":"https:\/\/clikdesign.fi\/ilasmaa\/wp-json\/wp\/v2\/users\/1"}],"replies":[{"embeddable":true,"href":"https:\/\/clikdesign.fi\/ilasmaa\/wp-json\/wp\/v2\/comments?post=2"}],"version-history":[{"count":84,"href":"https:\/\/clikdesign.fi\/ilasmaa\/wp-json\/wp\/v2\/pages\/2\/revisions"}],"predecessor-version":[{"id":593,"href":"https:\/\/clikdesign.fi\/ilasmaa\/wp-json\/wp\/v2\/pages\/2\/revisions\/593"}],"wp:attachment":[{"href":"https:\/\/clikdesign.fi\/ilasmaa\/wp-json\/wp\/v2\/media?parent=2"}],"curies":[{"name":"wp","href":"https:\/\/api.w.org\/{rel}","templated":true}]}}