{"id":101,"date":"2018-12-22T15:48:57","date_gmt":"2018-12-22T13:48:57","guid":{"rendered":"http:\/\/clikdesign.fi\/ilasmaa_new\/?page_id=101"},"modified":"2025-03-25T11:43:59","modified_gmt":"2025-03-25T09:43:59","slug":"urpu-ilasmaa-art-1950s","status":"publish","type":"page","link":"https:\/\/clikdesign.fi\/ilasmaa\/urpu-ilasmaa-art-1950s\/","title":{"rendered":"Urpu Ilasmaan taide 1950-luvulla"},"content":{"rendered":"\n<p class=\"has-text-align-center\">Urpu Ilasmaan taiteellinen ura alkoi 1950-luvun lopulla h\u00e4nen opiskellessaan Suomen Taideakatemian koulussa (1957\u20131960). T\u00e4m\u00e4 oli aikaa, jolloin h\u00e4n pohti figuratiivisen ja non-figuratiivisen taiteen suhdetta. <\/p>\n\n\n\n<p class=\"has-text-align-center\">H\u00e4nen taiteellisen ilmaisunsa perustan muodostaa v\u00e4ri, ja h\u00e4n on tunnettu omistautuneena koloristina. H\u00e4nen maalauksensa osoittavat syv\u00e4llist\u00e4 ymm\u00e4rryst\u00e4 v\u00e4riteoriaan.<\/p>\n\n\n<div class=\"wp-block-image\">\n<figure class=\"aligncenter\"><img fetchpriority=\"high\" decoding=\"async\" width=\"300\" height=\"246\" src=\"https:\/\/clikdesign.fi\/ilasmaa\/wp-content\/uploads\/2018\/12\/ilasmaa_espanjalainen_asetelma_oljy_41x33_1957.jpg\" alt=\"Spanish Still Life 1957, oil 33 x 41 cm\" class=\"wp-image-102\" srcset=\"https:\/\/clikdesign.fi\/ilasmaa\/wp-content\/uploads\/2018\/12\/ilasmaa_espanjalainen_asetelma_oljy_41x33_1957.jpg 300w, https:\/\/clikdesign.fi\/ilasmaa\/wp-content\/uploads\/2018\/12\/ilasmaa_espanjalainen_asetelma_oljy_41x33_1957-220x180.jpg 220w\" sizes=\"(max-width: 300px) 100vw, 300px\" \/><figcaption class=\"wp-element-caption\">Spanish Still Life 1957, oil 33 x 41 cm<\/figcaption><\/figure><\/div>\n\n\n<pre class=\"wp-block-verse has-text-align-center\">Photography: Matti Ruotsalainen<\/pre>\n\n\n\n<hr class=\"wp-block-separator has-css-opacity\"\/>\n\n\n\n<p class=\"has-text-align-center\"><a href=\"https:\/\/clikdesign.fi\/ilasmaa\/1960s\/\">1960&#8217;s &gt;<\/a><\/p>\n","protected":false},"excerpt":{"rendered":"<p>Urpu Ilasmaan taiteellinen ura alkoi 1950-luvun lopulla h\u00e4nen opiskellessaan Suomen Taideakatemian koulussa (1957\u20131960). T\u00e4m\u00e4 oli aikaa, jolloin h\u00e4n pohti figuratiivisen ja non-figuratiivisen taiteen suhdetta. H\u00e4nen taiteellisen ilmaisunsa perustan muodostaa v\u00e4ri, ja h\u00e4n on tunnettu omistautuneena koloristina. H\u00e4nen maalauksensa osoittavat syv\u00e4llist\u00e4 ymm\u00e4rryst\u00e4 v\u00e4riteoriaan. Photography: Matti Ruotsalainen 1960&#8217;s &gt;<\/p>\n","protected":false},"author":1,"featured_media":0,"parent":0,"menu_order":0,"comment_status":"closed","ping_status":"closed","template":"","meta":{"footnotes":""},"class_list":["post-101","page","type-page","status-publish","hentry"],"_links":{"self":[{"href":"https:\/\/clikdesign.fi\/ilasmaa\/wp-json\/wp\/v2\/pages\/101","targetHints":{"allow":["GET"]}}],"collection":[{"href":"https:\/\/clikdesign.fi\/ilasmaa\/wp-json\/wp\/v2\/pages"}],"about":[{"href":"https:\/\/clikdesign.fi\/ilasmaa\/wp-json\/wp\/v2\/types\/page"}],"author":[{"embeddable":true,"href":"https:\/\/clikdesign.fi\/ilasmaa\/wp-json\/wp\/v2\/users\/1"}],"replies":[{"embeddable":true,"href":"https:\/\/clikdesign.fi\/ilasmaa\/wp-json\/wp\/v2\/comments?post=101"}],"version-history":[{"count":8,"href":"https:\/\/clikdesign.fi\/ilasmaa\/wp-json\/wp\/v2\/pages\/101\/revisions"}],"predecessor-version":[{"id":533,"href":"https:\/\/clikdesign.fi\/ilasmaa\/wp-json\/wp\/v2\/pages\/101\/revisions\/533"}],"wp:attachment":[{"href":"https:\/\/clikdesign.fi\/ilasmaa\/wp-json\/wp\/v2\/media?parent=101"}],"curies":[{"name":"wp","href":"https:\/\/api.w.org\/{rel}","templated":true}]}}